{"id":69,"date":"2024-06-29T22:31:35","date_gmt":"2024-06-29T20:31:35","guid":{"rendered":"http:\/\/www.connecteasy.fr\/index.php\/services\/"},"modified":"2024-07-02T15:53:54","modified_gmt":"2024-07-02T13:53:54","slug":"services","status":"publish","type":"page","link":"https:\/\/www.connecteasy.fr\/index.php\/services\/","title":{"rendered":"Services"},"content":{"rendered":"\n\n","protected":false},"excerpt":{"rendered":"","protected":false},"author":1,"featured_media":0,"parent":0,"menu_order":0,"comment_status":"closed","ping_status":"closed","template":"kubio-full-width","meta":{"saved_in_kubio":true,"_monsterinsights_skip_tracking":false,"_monsterinsights_sitenote_active":false,"_monsterinsights_sitenote_note":"","_monsterinsights_sitenote_category":0,"footnotes":""},"class_list":["post-69","page","type-page","status-publish","hentry"],"kubio_ai_page_context":{"short_desc":"cette page pr\u00e9sente nos services de d\u00e9ploiement r\u00e9seaux ftth, adsl pour les particuliers et les entreprises\n","purpose":"services"},"_links":{"self":[{"href":"https:\/\/www.connecteasy.fr\/index.php\/wp-json\/wp\/v2\/pages\/69","targetHints":{"allow":["GET"]}}],"collection":[{"href":"https:\/\/www.connecteasy.fr\/index.php\/wp-json\/wp\/v2\/pages"}],"about":[{"href":"https:\/\/www.connecteasy.fr\/index.php\/wp-json\/wp\/v2\/types\/page"}],"author":[{"embeddable":true,"href":"https:\/\/www.connecteasy.fr\/index.php\/wp-json\/wp\/v2\/users\/1"}],"replies":[{"embeddable":true,"href":"https:\/\/www.connecteasy.fr\/index.php\/wp-json\/wp\/v2\/comments?post=69"}],"version-history":[{"count":5,"href":"https:\/\/www.connecteasy.fr\/index.php\/wp-json\/wp\/v2\/pages\/69\/revisions"}],"predecessor-version":[{"id":192,"href":"https:\/\/www.connecteasy.fr\/index.php\/wp-json\/wp\/v2\/pages\/69\/revisions\/192"}],"wp:attachment":[{"href":"https:\/\/www.connecteasy.fr\/index.php\/wp-json\/wp\/v2\/media?parent=69"}],"curies":[{"name":"wp","href":"https:\/\/api.w.org\/{rel}","templated":true}]}}